{"id":26,"date":"2019-07-09T15:54:21","date_gmt":"2019-07-09T15:54:21","guid":{"rendered":"http:\/\/daofilepremium.com\/?page_id=26"},"modified":"2024-01-28T19:57:35","modified_gmt":"2024-01-28T19:57:35","slug":"affiliate","status":"publish","type":"page","link":"https:\/\/daofilepremium.com\/de\/affiliate\/","title":{"rendered":"Affiliate"},"content":{"rendered":"<p><a href=\"http:\/\/daofilepremium.com\/make-money\" target=\"_blank\" rel=\"noopener noreferrer\">Daofile.com<\/a> Affiliate Program (PPS)<\/p>\n<p>&#8211; 60% from sales and rebill<br \/>\n&#8211; 15% from sales from your site!<br \/>\n&#8211; 5% for webmaster referral<\/p>\n<p>Daofile has one of the most reliable affiliate program in the file hosting industry. Daofile provides quality and secure file sharing service to the users. Daofile offers to his affiliates the opportunity to earn more than any other file hosting site! Daofile pays affiliates by various payout methods, and manage to get it on hands sooner.<\/p>\n<p>You can upload and share your file on blogs\/sites\/forums\/social media to get sales and earn money from it. You can also promote daofile by referring users and earn referral commission.<\/p>\n","protected":false},"excerpt":{"rendered":"<p>Daofile.com-Partnerprogramm (PPS) &#8211; 60% aus Verkauf und Abrechnung &#8211; 15% vom Umsatz Ihrer Website! &#8211; 5% f\u00fcr die \u00dcberweisung eines Webmasters Daofile hat eines der zuverl\u00e4ssigsten Partnerprogramme in der Datei-Hosting-Branche. Daofile bietet den Benutzern einen qualitativ hochwertigen und sicheren Dateifreigabedienst. &hellip;<\/p>\n<p class=\"read-more\"> <a class=\"more-link\" href=\"https:\/\/daofilepremium.com\/de\/affiliate\/\"> <span class=\"screen-reader-text\">Affiliate<\/span> Weiterlesen &raquo;<\/a><\/p>\n","protected":false},"author":1,"featured_media":0,"parent":0,"menu_order":2,"comment_status":"closed","ping_status":"closed","template":"","meta":{"footnotes":""},"class_list":["post-26","page","type-page","status-publish","hentry"],"_links":{"self":[{"href":"https:\/\/daofilepremium.com\/de\/wp-json\/wp\/v2\/pages\/26","targetHints":{"allow":["GET"]}}],"collection":[{"href":"https:\/\/daofilepremium.com\/de\/wp-json\/wp\/v2\/pages"}],"about":[{"href":"https:\/\/daofilepremium.com\/de\/wp-json\/wp\/v2\/types\/page"}],"author":[{"embeddable":true,"href":"https:\/\/daofilepremium.com\/de\/wp-json\/wp\/v2\/users\/1"}],"replies":[{"embeddable":true,"href":"https:\/\/daofilepremium.com\/de\/wp-json\/wp\/v2\/comments?post=26"}],"version-history":[{"count":9,"href":"https:\/\/daofilepremium.com\/de\/wp-json\/wp\/v2\/pages\/26\/revisions"}],"predecessor-version":[{"id":291,"href":"https:\/\/daofilepremium.com\/de\/wp-json\/wp\/v2\/pages\/26\/revisions\/291"}],"wp:attachment":[{"href":"https:\/\/daofilepremium.com\/de\/wp-json\/wp\/v2\/media?parent=26"}],"curies":[{"name":"wp","href":"https:\/\/api.w.org\/{rel}","templated":true}]}}