{"id":29,"date":"2019-07-09T16:10:23","date_gmt":"2019-07-09T16:10:23","guid":{"rendered":"http:\/\/daofilepremium.com\/?page_id=29"},"modified":"2024-01-28T19:58:04","modified_gmt":"2024-01-28T19:58:04","slug":"faq","status":"publish","type":"page","link":"https:\/\/daofilepremium.com\/pl\/faq\/","title":{"rendered":"Najcz\u0119\u015bciej zadawane pytania"},"content":{"rendered":"<p>What is Daofile?<\/p>\n<p>Daofile is a file cloud provider which offer online storage\/remote backup capacity, sophisticated uploading and downloading tools.<br \/>\nWith Daofile you can host files, images, videos, audio and flash on the same place.<\/p>\n<p>Why should I use Daofile?<\/p>\n<p>Whenever you need to send a file that is too large for e-mail, Daofile can help. If you need secure remote storage capacity for off-site backups, Daofile offers solutions for you. If you want to access personal data from a variety of computers and don&#8217;t want to carry around a USB stick, Daofile is a perfect way of doing so.<\/p>\n<p>Can I search for files other people uploaded?<\/p>\n<p>No, because not everyone wishes to share the files they upload with everyone else. This way Daofile can be used to share files with anyone you choose to, as well as keep it for yourself as a backup or to download from anywhere in the world.<\/p>\n<p>What kind of files can be uploaded?<\/p>\n<p>All kinds, from your party photos to important documents. The only restrictions are for any kind offensive material and, of course, copyrighted material.<br \/>\nPlease refer to daofile terms of service for more info.<\/p>\n<p>How to delete a file I uploaded?<\/p>\n<p>To delete a file you uploaded you must use Delete Link that was provided to you after the upload process.<br \/>\nIf you lost your removal code you can simply wait until the file expires so it will be automatically removed from our site.<\/p>\n<p>Can I &#8220;hotlink&#8221; the data I upload?<\/p>\n<p>No. Hot linking is not allowed on any kind of files uploaded to daofile servers.<\/p>\n","protected":false},"excerpt":{"rendered":"<p>Co to jest Daofile? Daofile to dostawca chmury plik\u00f3w, kt\u00f3ry oferuje pami\u0119\u0107 online \/ mo\u017cliwo\u015b\u0107 zdalnego tworzenia kopii zapasowych, zaawansowane narz\u0119dzia do przesy\u0142ania i pobierania. Dzi\u0119ki Daofile mo\u017cesz przechowywa\u0107 pliki, obrazy, filmy, audio i flash w tym samym miejscu. Dlaczego &hellip;<\/p>\n<p class=\"read-more\"> <a class=\"more-link\" href=\"https:\/\/daofilepremium.com\/pl\/faq\/\"> <span class=\"screen-reader-text\">Najcz\u0119\u015bciej zadawane pytania<\/span> Czytaj wi\u0119cej  &raquo;<\/a><\/p>\n","protected":false},"author":1,"featured_media":0,"parent":0,"menu_order":6,"comment_status":"closed","ping_status":"closed","template":"","meta":{"footnotes":""},"class_list":["post-29","page","type-page","status-publish","hentry"],"_links":{"self":[{"href":"https:\/\/daofilepremium.com\/pl\/wp-json\/wp\/v2\/pages\/29","targetHints":{"allow":["GET"]}}],"collection":[{"href":"https:\/\/daofilepremium.com\/pl\/wp-json\/wp\/v2\/pages"}],"about":[{"href":"https:\/\/daofilepremium.com\/pl\/wp-json\/wp\/v2\/types\/page"}],"author":[{"embeddable":true,"href":"https:\/\/daofilepremium.com\/pl\/wp-json\/wp\/v2\/users\/1"}],"replies":[{"embeddable":true,"href":"https:\/\/daofilepremium.com\/pl\/wp-json\/wp\/v2\/comments?post=29"}],"version-history":[{"count":9,"href":"https:\/\/daofilepremium.com\/pl\/wp-json\/wp\/v2\/pages\/29\/revisions"}],"predecessor-version":[{"id":297,"href":"https:\/\/daofilepremium.com\/pl\/wp-json\/wp\/v2\/pages\/29\/revisions\/297"}],"wp:attachment":[{"href":"https:\/\/daofilepremium.com\/pl\/wp-json\/wp\/v2\/media?parent=29"}],"curies":[{"name":"wp","href":"https:\/\/api.w.org\/{rel}","templated":true}]}}